{"id":293,"date":"2023-02-07T11:11:54","date_gmt":"2023-02-07T11:11:54","guid":{"rendered":"http:\/\/clb-group.de\/?page_id=293"},"modified":"2023-04-05T16:51:31","modified_gmt":"2023-04-05T16:51:31","slug":"team","status":"publish","type":"page","link":"https:\/\/clb-berlin.de\/en\/about\/team\/","title":{"rendered":"Team &#038; Partners"},"content":{"rendered":"<p><strong>Team<\/strong><\/p>\n<p>Dr. Sven Sappelt |\u00a0<em>Gr\u00fcnder und kuratorische Leitung<\/em><\/p>\n<p>Nele Ouwens | <em>Kommunikation und PR<\/em><\/p>\n<p>Laura Sanden | <em>Social Media<\/em><\/p>\n<p>Max Baraitser Smith | <em>Projektmanagement<\/em><\/p>\n<p>Theresa Augustin | <em>Assistenz<\/em><\/p>\n<p>Camila Codino | <em>Webdesign<\/em><\/p>\n<p>&nbsp;<\/p>\n<p><strong>Partners<\/strong><\/p>\n<p><strong>Botschaften und Kulturinstitute<\/strong> | Ausw\u00e4rtiges Amt | Belgische Botschaft | Botschaft der Republik Italien | Botschaft der Republik Estland | Botschaft der Republik Kroatien | Botschaft der Republik \u00d6stlich des Uruguay | Brasilianische Botschaft | British Council | Goethe-Institut | Finnland Institut | Italienisches Kulturinstitut | Japanisch-Deutsches Zentrum | \u00d6sterreichisches Kulturforum | Rum\u00e4nisches Kulturinstitut | &#8230;<\/p>\n<p><strong>Hochschulen und Forschungseinrichtungen<\/strong> | Academy of Art and Design Basel | Bauhaus Universit\u00e4t Weimar | Bundesinstitut f\u00fcr Bau-, Stadt- und Raumforschung | Design Akademie Berlin | FH Brandenburg | FH Burgenland | Fraunhofer-Forum Berlin | Goldsmith College | HfG Offenbach | HMKW Berlin | Humboldt-Universit\u00e4t zu Berlin | Norwich University of the Arts | TU Berlin | TU Braunschweig | Universit\u00e4t der K\u00fcnste Berlin | Universit\u00e4t Kassel | Universit\u00e4t Konstanz | Wei\u00dfensee Kunsthochschule | &#8230;<\/p>\n<p><strong>Initiativen und Organisationen<\/strong> | Actors of Urban Change | ART + TECH | Berlinklusion | BMI | Bio-Mimicry-Institute | caf\u00e9babel | CityLab Berlin | CyberR\u00e4uber | DAAD | Design Farm Berlin | Deutschland \u2013 Land der Ideen | DKSR | European Month of Photography EMOP | Europan | European Democracy Lab | Exile e. V. | Fondazione Adriano Olivetti | Initiative D21 | Jitter\u2019s Wunderblock | Jovis Verlag | Junge Akademie der Akademie der K\u00fcnste | Kulturprojekte Berlin | Laboratory for Jewish Culture LABA | Landesverband freier Theater LAFT | LCB | Literaturhaus Berlin | MAXXI \u2013 Museo Nazionale delle Arti del XXI secolo | MitOst | Museum Europ\u00e4ischer Kulturen | NIDS | Performing Arts Festival | Polis180<span class=\"Apple-converted-space\">\u00a0|\u00a0<\/span>Stadtmuseum Berlin | The Independent Photographer | Sound Studies Lab Berlin | Spazio Taverna Rom | Stadtentwicklungsamt Berlin Mitte | Stiftung Zukunft Berlin | tinybe sculpture village | Tirana Art Lab | urbanophil e.V. | Urban Ideation Lab Berlin | Villa Kamogawa Kyoto | VRBB | &#8230;<\/p>\n<p><strong>K\u00fcnstler*innen und Kulturschaffende<\/strong> | Giacomo F. Albano | Sarah Alexander | Tatsuru Arai | Sam Auinger | Blaffert&amp;Wamhof | Marco Bassan | Wibke Behrens | Sally Below | Stefano Boeri Architetti | Betty B\u00f6hm | Gernot B\u00f6hme | Friedrich von Borries | David Brandst\u00e4tter | Klaus Theo Brenner | Desmond Brett | Paul Brody | Dagie Brundert | Meriam Bousselmi | Stefanie B\u00fcrkle | Stefano Cagol | Peter Cusack | Ursula Damm | Mikl\u00f3s D\u00e9ri<span class=\"Apple-converted-space\">\u00a0|\u00a0<\/span>Ivonne Dippmann | Doris Dziersk | Simon Faithfull | Wang Fang | Kathrin Ganser | Iuliana-Elena Gavril | Uwe G\u00f6ssel | Lisa Gordon | Ephraim Gothe | Ulrike Gu\u00e9rot | Maren Hartmann | Jens Hausmann | Burkhard von Harder | Dimitri Hegemann | Benno Hinkes | Ralf Hoyer<span class=\"Apple-converted-space\">\u00a0|\u00a0<\/span>Daisuke Ishida | Hori Izhaki | Susanne Jaschko | Micha Kaplan | Julian Kamphausen | Marcel Karnapke<span class=\"Apple-converted-space\">\u00a0| k<\/span>atrinem | Stephanie Kloss | Andreas Knie | Chris Kondek | Volker Kreidler | Christiane K\u00fchl | Olaf K\u00fchnemann | Alireza Labeshka | Sarah Lappin | Victor Lema Riqu\u00e9\u00a0| Bj\u00f6rn Lengers | Yun-Chu Liang<span class=\"Apple-converted-space\">\u00a0|\u00a0<\/span>Rachel Libeskind | Martin Liebscher | Lukas Liese | Elisa Limberg | Dana Marbach | Anne-Marie Melster | Wolfgang Menardi | Robert Menasse | Marcos Meza | Elizabeth McTernan | Udo Noll | Nicole Oder | Dietmar Offenhuber | Mark Polscher | Niklas Middleton | Maxi Obexer | Ulrike Ottinger | Juhani Pallasmaa | Peter Payer | Neil Powell | Ludovico Pratesi | Nika Radi\u0107\u00a0| Lisa Rave | Teresa Reuter | Alexander R\u00f6mer | Ursula Rogg | Eike Roswag-Klinge | Doris Rothauer | Saskia Sassen | Roland Schappert | Martin Schepers | Georg Sch\u00f6llhammer | Christian Schneegass | Birgit Schneider | Anne Schreiber | Theresa Schubert | Holger Schulze | Max Schwitalla | Yael Sherill | Martin Schwegmann<span class=\"Apple-converted-space\">\u00a0 |\u00a0<\/span>Georg Spehr | Verena Steffen | Hannes Strobl | Martin Supper | Birgit Szepanski | Hadas Tapouchi | Elisabeth Tietmeyer | Andrea Tietz | \u015eafak Velio\u011flu | Patricia Walczak | Regina Weiss | Enzio Wetzel<span class=\"Apple-converted-space\">\u00a0 |\u00a0<\/span>Beate Witzel | Monique Wysterski | Sabe Wunsch | Anastasia Zagorni | Sabine Zahn | Maike Zimmermann | &#8230;<\/p>\n<p>&nbsp;<\/p>\n","protected":false},"excerpt":{"rendered":"<p>Team Dr. Sven Sappelt |\u00a0Gr\u00fcnder und kuratorische Leitung Nele Ouwens | Kommunikation und PR Laura Sanden | Social Media Max Baraitser Smith | Projektmanagement Theresa Augustin | Assistenz Camila Codino | Webdesign &nbsp; Partners Botschaften und Kulturinstitute | Ausw\u00e4rtiges Amt | Belgische Botschaft | Botschaft der Republik Italien | Botschaft der Republik Estland | Botschaft [&hellip;]<\/p>\n","protected":false},"author":2,"featured_media":0,"parent":288,"menu_order":0,"comment_status":"closed","ping_status":"closed","template":"page.php","meta":{"footnotes":""},"class_list":["post-293","page","type-page","status-publish","hentry"],"acf":[],"_links":{"self":[{"href":"https:\/\/clb-berlin.de\/en\/wp-json\/wp\/v2\/pages\/293","targetHints":{"allow":["GET"]}}],"collection":[{"href":"https:\/\/clb-berlin.de\/en\/wp-json\/wp\/v2\/pages"}],"about":[{"href":"https:\/\/clb-berlin.de\/en\/wp-json\/wp\/v2\/types\/page"}],"author":[{"embeddable":true,"href":"https:\/\/clb-berlin.de\/en\/wp-json\/wp\/v2\/users\/2"}],"replies":[{"embeddable":true,"href":"https:\/\/clb-berlin.de\/en\/wp-json\/wp\/v2\/comments?post=293"}],"version-history":[{"count":7,"href":"https:\/\/clb-berlin.de\/en\/wp-json\/wp\/v2\/pages\/293\/revisions"}],"predecessor-version":[{"id":1554,"href":"https:\/\/clb-berlin.de\/en\/wp-json\/wp\/v2\/pages\/293\/revisions\/1554"}],"up":[{"embeddable":true,"href":"https:\/\/clb-berlin.de\/en\/wp-json\/wp\/v2\/pages\/288"}],"wp:attachment":[{"href":"https:\/\/clb-berlin.de\/en\/wp-json\/wp\/v2\/media?parent=293"}],"curies":[{"name":"wp","href":"https:\/\/api.w.org\/{rel}","templated":true}]}}